{"id":611,"date":"2021-06-04T20:39:25","date_gmt":"2021-06-04T20:39:25","guid":{"rendered":"http:\/\/badolatopermaculture.org\/?page_id=611"},"modified":"2022-11-02T14:35:25","modified_gmt":"2022-11-02T14:35:25","slug":"de-olive","status":"publish","type":"page","link":"http:\/\/badolatopermaculture.org\/it\/de-olive","title":{"rendered":"Unsere Olivenb\u00e4ume"},"content":{"rendered":"<figure class=\"wp-block-image size-large\"><img data-recalc-dims=\"1\" loading=\"lazy\" decoding=\"async\" width=\"525\" height=\"350\" src=\"https:\/\/i0.wp.com\/badolatopermaculture.org\/wp-content\/uploads\/2021\/05\/DSC_0801Small.jpg?resize=525%2C350\" alt=\"\" class=\"wp-image-590\" srcset=\"https:\/\/i0.wp.com\/badolatopermaculture.org\/wp-content\/uploads\/2021\/05\/DSC_0801Small.jpg?resize=1024%2C683 1024w, https:\/\/i0.wp.com\/badolatopermaculture.org\/wp-content\/uploads\/2021\/05\/DSC_0801Small.jpg?resize=300%2C200 300w, https:\/\/i0.wp.com\/badolatopermaculture.org\/wp-content\/uploads\/2021\/05\/DSC_0801Small.jpg?resize=768%2C512 768w, https:\/\/i0.wp.com\/badolatopermaculture.org\/wp-content\/uploads\/2021\/05\/DSC_0801Small.jpg?resize=16%2C12 16w, https:\/\/i0.wp.com\/badolatopermaculture.org\/wp-content\/uploads\/2021\/05\/DSC_0801Small.jpg?w=1200 1200w\" sizes=\"auto, (max-width: 767px) 89vw, (max-width: 1000px) 54vw, (max-width: 1071px) 543px, 580px\" \/><\/figure>\n\n\n\n<p>Der Olivenbaum geh\u00f6rt zu den \u00e4ltesten kultivierten B\u00e4umen der Welt. Im antiken Griechenland war er ein mythisches Symbol (Totem), dem besondere Ehre geb\u00fchrte und dem man besondere Pflege angedeihen lie\u00df. Olivenb\u00e4ume wurden angebaut bevor die Schriftsprache erfunden wurde und das \u00d6l diente in der Antike in erster Linie als Licht-\/ aber auch als Nahrungsquelle.<\/p>\n\n\n\n<p>Wir sind sehr dankbar daf\u00fcr, dass wir mehrere hundert gepflegte Olivenb\u00e4umen auf unserem Land vorgefunden haben. Teilweise haben diese schon mehrere Generationen \u00fcberdauert, manche sind sogar \u00e4lter als 100 Jahre. Im Bewusstsein eines so kostbaren Geschenks der Natur behandeln wir unsere B\u00e4ume mit gr\u00f6\u00dfter Sorgfalt und Respekt.<\/p>\n\n\n\n<p>W\u00e4hrend wir alles auf unserer Farm biologisch produzieren, geht unser Ansatz aber \u00fcber &#8220;biologisch&#8221; oder &#8220;nachhaltig&#8221; hinaus. Unser Ziel ist es, die B\u00f6den und das \u00d6kosystem, in dem unsere B\u00e4ume wachsen, langfristig <a href=\"http:\/\/badolatopermaculture.org\/it\/soil\/\" data-type=\"URL\" data-id=\"www.badolatopermaculture.org\/soil\" target=\"_blank\" rel=\"noreferrer noopener\">zu regenerieren<\/a>.<\/p>\n\n\n\n<figure class=\"wp-block-pullquote alignleft\"><blockquote><p>&#8220;Unsere Leidenschaft ist es, den Boden zu regenerieren, welcher die Grundlage allen Lebens auf der Erde ist.&#8221;<\/p><\/blockquote><\/figure>\n\n\n\n<p>Wir glauben, dass nur ein <strong>gesunder Boden<\/strong> voller Mikrolebewesen in der Lage ist, die Bedingungen f\u00fcr das Gedeihen einer Pflanze zu schaffen und somit <strong>gesunde Lebensmittel<\/strong> zu produzieren, die <strong>gesunde Menschen<\/strong> ern\u00e4hren.<\/p>\n\n\n\n<p>Um dieses Ziel zu erreichen, wenden wir <a rel=\"noreferrer noopener\" href=\"http:\/\/badolatopermaculture.org\/it\/soil\/\" data-type=\"URL\" data-id=\"www.badolatopermaculture.org\/soil\" target=\"_blank\">regenerative Techniken<\/a> an, welche den Boden langfristig verbessern und ihn somit widerstandsf\u00e4higer gegen Sch\u00e4dlinge, Krankheiten und die Auswirkungen des Klimawandels (insbesondere Trockenheit) machen.<\/p>\n\n\n\n<p>Mit Hilfe unseres <a rel=\"noreferrer noopener\" href=\"http:\/\/badolatopermaculture.org\/it\/soil\/\" data-type=\"URL\" data-id=\"www.badolatopermaculture.org\/soil\" target=\"_blank\">Labors<\/a> sind wir in der Lage, jegliche Bodenproben zu beurteilen, um dann die passenden Regenerationsmethoden f\u00fcr diese spezifische Bodenart  zu definieren, bzw. auch Verbesserungen der Bodenqualit\u00e4t im Laufe der Zeit feststellen zu k\u00f6nnen.<\/p>\n\n\n\n<p>Zu unseren Regenerationsmethoden geh\u00f6rt normalerweise die <strong>Produktion von festem oder fl\u00fcssigem Kompost<\/strong>, welcher alle n\u00fctzlichen Mikroorganismen enth\u00e4lt. Diese Mikroorganismen sind f\u00fcr die Bereitstellung aller N\u00e4hrstoffe f\u00fcr die Pflanze verantwortlich und sch\u00fctzen diese wirksam vor Sch\u00e4dlingen und Krankheiten.<\/p>\n\n\n\n<p>Wir befinden uns noch in der Anfangsphase dieser Entdeckungsreise, doch die ersten Ergebnisse in diesem Bereich sind sehr ermutigend.<\/p>\n\n\n\n<h1 class=\"wp-block-heading\">Unser Oliven\u00f6l<\/h1>\n\n\n\n<p>Wir produzieren ein <strong>hochwertiges kaltgepresstes Oliven\u00f6l<\/strong>, in welchem die Kraft der kalabrischen Sonne aber auch unsere Liebe und Sorgfalt, die wir den B\u00e4umen schenken, stecken.<\/p>\n\n\n\n<p>Unsere zwei wichtigsten Kultivare hei\u00dfen &#8220;Carolea&#8221; and \u201eNostrano\u201c (or Geracese).<\/p>\n\n\n\n<figure class=\"wp-block-image size-large\"><img data-recalc-dims=\"1\" loading=\"lazy\" decoding=\"async\" width=\"525\" height=\"350\" src=\"https:\/\/i0.wp.com\/badolatopermaculture.org\/wp-content\/uploads\/2021\/05\/DSC_0879Small.jpg?resize=525%2C350\" alt=\"\" class=\"wp-image-591\" srcset=\"https:\/\/i0.wp.com\/badolatopermaculture.org\/wp-content\/uploads\/2021\/05\/DSC_0879Small.jpg?resize=1024%2C683 1024w, https:\/\/i0.wp.com\/badolatopermaculture.org\/wp-content\/uploads\/2021\/05\/DSC_0879Small.jpg?resize=300%2C200 300w, https:\/\/i0.wp.com\/badolatopermaculture.org\/wp-content\/uploads\/2021\/05\/DSC_0879Small.jpg?resize=768%2C512 768w, https:\/\/i0.wp.com\/badolatopermaculture.org\/wp-content\/uploads\/2021\/05\/DSC_0879Small.jpg?resize=16%2C12 16w, https:\/\/i0.wp.com\/badolatopermaculture.org\/wp-content\/uploads\/2021\/05\/DSC_0879Small.jpg?w=1500 1500w\" sizes=\"auto, (max-width: 767px) 89vw, (max-width: 1000px) 54vw, (max-width: 1071px) 543px, 580px\" \/><\/figure>\n\n\n\n<div class=\"wp-block-jetpack-tiled-gallery aligncenter is-style-columns has-rounded-corners-20\"><div class=\"tiled-gallery__gallery\"><div class=\"tiled-gallery__row\"><div class=\"tiled-gallery__col\" style=\"flex-basis:38.99483941647927%\"><figure class=\"tiled-gallery__item\"><img decoding=\"async\" srcset=\"https:\/\/i1.wp.com\/badolatopermaculture.org\/wp-content\/uploads\/2021\/05\/IMG_4345-1-scaled.jpg?strip=info&#038;w=600 600w,https:\/\/i1.wp.com\/badolatopermaculture.org\/wp-content\/uploads\/2021\/05\/IMG_4345-1-scaled.jpg?strip=info&#038;w=900 900w,https:\/\/i1.wp.com\/badolatopermaculture.org\/wp-content\/uploads\/2021\/05\/IMG_4345-1-scaled.jpg?strip=info&#038;w=1200 1200w,https:\/\/i1.wp.com\/badolatopermaculture.org\/wp-content\/uploads\/2021\/05\/IMG_4345-1-scaled.jpg?strip=info&#038;w=1500 1500w,https:\/\/i1.wp.com\/badolatopermaculture.org\/wp-content\/uploads\/2021\/05\/IMG_4345-1-scaled.jpg?strip=info&#038;w=1800 1800w,https:\/\/i1.wp.com\/badolatopermaculture.org\/wp-content\/uploads\/2021\/05\/IMG_4345-1-scaled.jpg?strip=info&#038;w=2000 2000w\" alt=\"\" data-height=\"1920\" data-id=\"593\" data-link=\"http:\/\/badolatopermaculture.org\/?attachment_id=593\" data-url=\"http:\/\/badolatopermaculture.org\/wp-content\/uploads\/2021\/05\/IMG_4345-1-scaled.jpg\" data-width=\"2560\" src=\"https:\/\/i1.wp.com\/badolatopermaculture.org\/wp-content\/uploads\/2021\/05\/IMG_4345-1-scaled.jpg\" layout=\"responsive\"\/><\/figure><\/div><div class=\"tiled-gallery__col\" style=\"flex-basis:38.99483941647927%\"><figure class=\"tiled-gallery__item\"><img decoding=\"async\" srcset=\"https:\/\/i0.wp.com\/badolatopermaculture.org\/wp-content\/uploads\/2021\/05\/IMG_4347-scaled.jpg?strip=info&#038;w=600 600w,https:\/\/i0.wp.com\/badolatopermaculture.org\/wp-content\/uploads\/2021\/05\/IMG_4347-scaled.jpg?strip=info&#038;w=900 900w,https:\/\/i0.wp.com\/badolatopermaculture.org\/wp-content\/uploads\/2021\/05\/IMG_4347-scaled.jpg?strip=info&#038;w=1200 1200w,https:\/\/i0.wp.com\/badolatopermaculture.org\/wp-content\/uploads\/2021\/05\/IMG_4347-scaled.jpg?strip=info&#038;w=1500 1500w,https:\/\/i0.wp.com\/badolatopermaculture.org\/wp-content\/uploads\/2021\/05\/IMG_4347-scaled.jpg?strip=info&#038;w=1800 1800w,https:\/\/i0.wp.com\/badolatopermaculture.org\/wp-content\/uploads\/2021\/05\/IMG_4347-scaled.jpg?strip=info&#038;w=2000 2000w\" alt=\"\" data-height=\"1920\" data-id=\"594\" data-link=\"http:\/\/badolatopermaculture.org\/?attachment_id=594\" data-url=\"http:\/\/badolatopermaculture.org\/wp-content\/uploads\/2021\/05\/IMG_4347-scaled.jpg\" data-width=\"2560\" src=\"https:\/\/i0.wp.com\/badolatopermaculture.org\/wp-content\/uploads\/2021\/05\/IMG_4347-scaled.jpg\" layout=\"responsive\"\/><\/figure><\/div><div class=\"tiled-gallery__col\" style=\"flex-basis:22.010321167041454%\"><figure class=\"tiled-gallery__item\"><img decoding=\"async\" srcset=\"https:\/\/i1.wp.com\/badolatopermaculture.org\/wp-content\/uploads\/2021\/05\/IMG_4350-scaled.jpg?strip=info&#038;w=600 600w,https:\/\/i1.wp.com\/badolatopermaculture.org\/wp-content\/uploads\/2021\/05\/IMG_4350-scaled.jpg?strip=info&#038;w=900 900w,https:\/\/i1.wp.com\/badolatopermaculture.org\/wp-content\/uploads\/2021\/05\/IMG_4350-scaled.jpg?strip=info&#038;w=1200 1200w,https:\/\/i1.wp.com\/badolatopermaculture.org\/wp-content\/uploads\/2021\/05\/IMG_4350-scaled.jpg?strip=info&#038;w=1500 1500w,https:\/\/i1.wp.com\/badolatopermaculture.org\/wp-content\/uploads\/2021\/05\/IMG_4350-scaled.jpg?strip=info&#038;w=1800 1800w,https:\/\/i1.wp.com\/badolatopermaculture.org\/wp-content\/uploads\/2021\/05\/IMG_4350-scaled.jpg?strip=info&#038;w=1920 1920w\" alt=\"\" data-height=\"2560\" data-id=\"595\" data-link=\"http:\/\/badolatopermaculture.org\/?attachment_id=595\" data-url=\"http:\/\/badolatopermaculture.org\/wp-content\/uploads\/2021\/05\/IMG_4350-scaled.jpg\" data-width=\"1920\" src=\"https:\/\/i1.wp.com\/badolatopermaculture.org\/wp-content\/uploads\/2021\/05\/IMG_4350-scaled.jpg\" layout=\"responsive\"\/><\/figure><\/div><\/div><\/div><\/div>\n\n\n\n<p>Oben einige Bilder von der Olivenernte im Herbst 2020.<\/p>\n\n\n\n<p>Wir verwenden das Oliven\u00f6l auch wegen seinen medizinischen Eigenschaften, um <strong>heilende Produkte<\/strong> wie Balsame und mit Kr\u00e4utern versetzte \u00d6le herzustellen.<\/p>\n\n\n\n<p>M\u00f6chten Sie unser Premium-Oliven\u00f6l probieren?<br>Interessieren Sie sich f\u00fcr regenerative Praktiken und die Regeneration des Bodens im Besonderen?<\/p>\n\n\n\n<p>M\u00f6chten Sie einmal bei der Ernte dabeisein und mithelfen?<br><a href=\"http:\/\/badolatopermaculture.org\/it\/connect-with-us\/\" data-type=\"page\" data-id=\"126\">Kontaktieren Sie<\/a> uns \ud83d\ude42 Wir helfen Ihnen gerne weiter.<\/p>\n\n\n\n<figure class=\"wp-block-image size-large\"><img data-recalc-dims=\"1\" loading=\"lazy\" decoding=\"async\" width=\"525\" height=\"350\" src=\"https:\/\/i0.wp.com\/badolatopermaculture.org\/wp-content\/uploads\/2021\/05\/DSC_0829Small.jpg?resize=525%2C350\" alt=\"\" class=\"wp-image-597\" srcset=\"https:\/\/i0.wp.com\/badolatopermaculture.org\/wp-content\/uploads\/2021\/05\/DSC_0829Small.jpg?resize=1024%2C683 1024w, https:\/\/i0.wp.com\/badolatopermaculture.org\/wp-content\/uploads\/2021\/05\/DSC_0829Small.jpg?resize=300%2C200 300w, https:\/\/i0.wp.com\/badolatopermaculture.org\/wp-content\/uploads\/2021\/05\/DSC_0829Small.jpg?resize=768%2C512 768w, https:\/\/i0.wp.com\/badolatopermaculture.org\/wp-content\/uploads\/2021\/05\/DSC_0829Small.jpg?resize=16%2C12 16w, https:\/\/i0.wp.com\/badolatopermaculture.org\/wp-content\/uploads\/2021\/05\/DSC_0829Small.jpg?w=1500 1500w\" sizes=\"auto, (max-width: 767px) 89vw, (max-width: 1000px) 54vw, (max-width: 1071px) 543px, 580px\" \/><\/figure>\n\n\n\n<ul class=\"wp-block-social-links aligncenter is-layout-flex wp-block-social-links-is-layout-flex\">\n\n\n\n<li class=\"wp-social-link wp-social-link-instagram  wp-block-social-link\"><a href=\"https:\/\/www.instagram.com\/BadolatoPermaculture\/\" class=\"wp-block-social-link-anchor\"><svg width=\"24\" height=\"24\" viewbox=\"0 0 24 24\" version=\"1.1\" xmlns=\"http:\/\/www.w3.org\/2000\/svg\" aria-hidden=\"true\" focusable=\"false\"><path d=\"M12,4.622c2.403,0,2.688,0.009,3.637,0.052c0.877,0.04,1.354,0.187,1.671,0.31c0.42,0.163,0.72,0.358,1.035,0.673 c0.315,0.315,0.51,0.615,0.673,1.035c0.123,0.317,0.27,0.794,0.31,1.671c0.043,0.949,0.052,1.234,0.052,3.637 s-0.009,2.688-0.052,3.637c-0.04,0.877-0.187,1.354-0.31,1.671c-0.163,0.42-0.358,0.72-0.673,1.035 c-0.315,0.315-0.615,0.51-1.035,0.673c-0.317,0.123-0.794,0.27-1.671,0.31c-0.949,0.043-1.233,0.052-3.637,0.052 s-2.688-0.009-3.637-0.052c-0.877-0.04-1.354-0.187-1.671-0.31c-0.42-0.163-0.72-0.358-1.035-0.673 c-0.315-0.315-0.51-0.615-0.673-1.035c-0.123-0.317-0.27-0.794-0.31-1.671C4.631,14.688,4.622,14.403,4.622,12 s0.009-2.688,0.052-3.637c0.04-0.877,0.187-1.354,0.31-1.671c0.163-0.42,0.358-0.72,0.673-1.035 c0.315-0.315,0.615-0.51,1.035-0.673c0.317-0.123,0.794-0.27,1.671-0.31C9.312,4.631,9.597,4.622,12,4.622 M12,3 C9.556,3,9.249,3.01,8.289,3.054C7.331,3.098,6.677,3.25,6.105,3.472C5.513,3.702,5.011,4.01,4.511,4.511 c-0.5,0.5-0.808,1.002-1.038,1.594C3.25,6.677,3.098,7.331,3.054,8.289C3.01,9.249,3,9.556,3,12c0,2.444,0.01,2.751,0.054,3.711 c0.044,0.958,0.196,1.612,0.418,2.185c0.23,0.592,0.538,1.094,1.038,1.594c0.5,0.5,1.002,0.808,1.594,1.038 c0.572,0.222,1.227,0.375,2.185,0.418C9.249,20.99,9.556,21,12,21s2.751-0.01,3.711-0.054c0.958-0.044,1.612-0.196,2.185-0.418 c0.592-0.23,1.094-0.538,1.594-1.038c0.5-0.5,0.808-1.002,1.038-1.594c0.222-0.572,0.375-1.227,0.418-2.185 C20.99,14.751,21,14.444,21,12s-0.01-2.751-0.054-3.711c-0.044-0.958-0.196-1.612-0.418-2.185c-0.23-0.592-0.538-1.094-1.038-1.594 c-0.5-0.5-1.002-0.808-1.594-1.038c-0.572-0.222-1.227-0.375-2.185-0.418C14.751,3.01,14.444,3,12,3L12,3z M12,7.378 c-2.552,0-4.622,2.069-4.622,4.622S9.448,16.622,12,16.622s4.622-2.069,4.622-4.622S14.552,7.378,12,7.378z M12,15 c-1.657,0-3-1.343-3-3s1.343-3,3-3s3,1.343,3,3S13.657,15,12,15z M16.804,6.116c-0.596,0-1.08,0.484-1.08,1.08 s0.484,1.08,1.08,1.08c0.596,0,1.08-0.484,1.08-1.08S17.401,6.116,16.804,6.116z\"><\/path><\/svg><span class=\"wp-block-social-link-label screen-reader-text\">Instagram<\/span><\/a><\/li>\n\n<li class=\"wp-social-link wp-social-link-facebook  wp-block-social-link\"><a href=\"https:\/\/www.facebook.com\/BadolatoPermaculture\" class=\"wp-block-social-link-anchor\"><svg width=\"24\" height=\"24\" viewbox=\"0 0 24 24\" version=\"1.1\" xmlns=\"http:\/\/www.w3.org\/2000\/svg\" aria-hidden=\"true\" focusable=\"false\"><path d=\"M12 2C6.5 2 2 6.5 2 12c0 5 3.7 9.1 8.4 9.9v-7H7.9V12h2.5V9.8c0-2.5 1.5-3.9 3.8-3.9 1.1 0 2.2.2 2.2.2v2.5h-1.3c-1.2 0-1.6.8-1.6 1.6V12h2.8l-.4 2.9h-2.3v7C18.3 21.1 22 17 22 12c0-5.5-4.5-10-10-10z\"><\/path><\/svg><span class=\"wp-block-social-link-label screen-reader-text\">Facebook<\/span><\/a><\/li>\n\n\n\n<\/ul>\n\n\n\n<p><\/p>","protected":false},"excerpt":{"rendered":"<p>Der Olivenbaum geh\u00f6rt zu den \u00e4ltesten kultivierten B\u00e4umen der Welt. Im antiken Griechenland war er ein mythisches Symbol (Totem), dem besondere Ehre geb\u00fchrte und dem man besondere Pflege angedeihen lie\u00df. Olivenb\u00e4ume wurden angebaut bevor die Schriftsprache erfunden wurde und das \u00d6l diente in der Antike in erster Linie als Licht-\/ aber auch als Nahrungsquelle. Wir &hellip; <\/p>\n<p class=\"link-more\"><a href=\"http:\/\/badolatopermaculture.org\/it\/de-olive\" class=\"more-link\">Leggi tutto<span class=\"screen-reader-text\"> &#8220;Unsere Olivenb\u00e4ume&#8221;<\/span><\/a><\/p>","protected":false},"author":1,"featured_media":0,"parent":0,"menu_order":0,"comment_status":"closed","ping_status":"closed","template":"","meta":{"footnotes":""},"class_list":["post-611","page","type-page","status-publish","hentry"],"jetpack_sharing_enabled":true,"_links":{"self":[{"href":"http:\/\/badolatopermaculture.org\/it\/wp-json\/wp\/v2\/pages\/611","targetHints":{"allow":["GET"]}}],"collection":[{"href":"http:\/\/badolatopermaculture.org\/it\/wp-json\/wp\/v2\/pages"}],"about":[{"href":"http:\/\/badolatopermaculture.org\/it\/wp-json\/wp\/v2\/types\/page"}],"author":[{"embeddable":true,"href":"http:\/\/badolatopermaculture.org\/it\/wp-json\/wp\/v2\/users\/1"}],"replies":[{"embeddable":true,"href":"http:\/\/badolatopermaculture.org\/it\/wp-json\/wp\/v2\/comments?post=611"}],"version-history":[{"count":7,"href":"http:\/\/badolatopermaculture.org\/it\/wp-json\/wp\/v2\/pages\/611\/revisions"}],"predecessor-version":[{"id":946,"href":"http:\/\/badolatopermaculture.org\/it\/wp-json\/wp\/v2\/pages\/611\/revisions\/946"}],"wp:attachment":[{"href":"http:\/\/badolatopermaculture.org\/it\/wp-json\/wp\/v2\/media?parent=611"}],"curies":[{"name":"wp","href":"https:\/\/api.w.org\/{rel}","templated":true}]}}